{"id":871,"date":"2022-06-16T09:32:03","date_gmt":"2022-06-16T09:32:03","guid":{"rendered":"https:\/\/staalberg.ro\/?page_id=871"},"modified":"2022-06-16T10:46:07","modified_gmt":"2022-06-16T10:46:07","slug":"ce-facem","status":"publish","type":"page","link":"https:\/\/staalberg.ro\/?page_id=871&lang=ro","title":{"rendered":"Ce facem"},"content":{"rendered":"<div data-elementor-type=\"wp-page\" data-elementor-id=\"871\" class=\"elementor elementor-871\">\n\t\t\t\t\t\t\t\t\t<section class=\"elementor-section elementor-top-section elementor-element elementor-element-2d955edb elementor-section-height-min-height elementor-section-boxed elementor-section-height-default elementor-section-items-middle\" data-id=\"2d955edb\" data-element_type=\"section\" data-settings=\"{&quot;background_background&quot;:&quot;classic&quot;}\">\n\t\t\t\t\t\t<div class=\"elementor-container elementor-column-gap-default\">\n\t\t\t\t\t<div class=\"elementor-column elementor-col-100 elementor-top-column elementor-element elementor-element-4df113ae\" data-id=\"4df113ae\" data-element_type=\"column\">\n\t\t\t<div class=\"elementor-widget-wrap elementor-element-populated\">\n\t\t\t\t\t\t\t\t<div class=\"elementor-element elementor-element-fe88b18 elementor-widget elementor-widget-heading\" data-id=\"fe88b18\" data-element_type=\"widget\" data-widget_type=\"heading.default\">\n\t\t\t\t<div class=\"elementor-widget-container\">\n\t\t\t<style>\/*! elementor - v3.6.3 - 12-04-2022 *\/\n.elementor-heading-title{padding:0;margin:0;line-height:1}.elementor-widget-heading .elementor-heading-title[class*=elementor-size-]>a{color:inherit;font-size:inherit;line-height:inherit}.elementor-widget-heading .elementor-heading-title.elementor-size-small{font-size:15px}.elementor-widget-heading .elementor-heading-title.elementor-size-medium{font-size:19px}.elementor-widget-heading .elementor-heading-title.elementor-size-large{font-size:29px}.elementor-widget-heading .elementor-heading-title.elementor-size-xl{font-size:39px}.elementor-widget-heading .elementor-heading-title.elementor-size-xxl{font-size:59px}<\/style><h1 class=\"elementor-heading-title elementor-size-default\">Proiecte personalizate func\u021bionale \u0219i inovatoare de \u00eenalt\u0103 calitate<\/h1>\t\t<\/div>\n\t\t\t\t<\/div>\n\t\t\t\t\t<\/div>\n\t\t<\/div>\n\t\t\t\t\t\t\t<\/div>\n\t\t<\/section>\n\t\t\t\t<section class=\"elementor-section elementor-top-section elementor-element elementor-element-113af2e6 elementor-section-full_width elementor-section-height-default elementor-section-height-default\" data-id=\"113af2e6\" data-element_type=\"section\" data-settings=\"{&quot;background_background&quot;:&quot;classic&quot;}\">\n\t\t\t\t\t\t<div class=\"elementor-container elementor-column-gap-default\">\n\t\t\t\t\t<div class=\"elementor-column elementor-col-100 elementor-top-column elementor-element elementor-element-10723bc8\" data-id=\"10723bc8\" data-element_type=\"column\">\n\t\t\t<div class=\"elementor-widget-wrap elementor-element-populated\">\n\t\t\t\t\t\t\t\t<div class=\"elementor-element elementor-element-65312940 elementor-view-default elementor-invisible elementor-widget elementor-widget-icon\" data-id=\"65312940\" data-element_type=\"widget\" data-settings=\"{&quot;_animation&quot;:&quot;fadeInDown&quot;}\" data-widget_type=\"icon.default\">\n\t\t\t\t<div class=\"elementor-widget-container\">\n\t\t\t<div class=\"elementor-icon-wrapper\">\n\t\t\t<a class=\"elementor-icon\" href=\"#services\">\n\t\t\t<svg xmlns=\"http:\/\/www.w3.org\/2000\/svg\" id=\"f091b371-0a0c-4a7a-b831-d1a750619811\" data-name=\"Layer 1\" viewBox=\"0 0 24.9999 32\"><title>scroll-down-icon<\/title><g id=\"a2db11b3-5623-466b-a28d-fa1595a1ff7d\" data-name=\"Home-Page-\"><g id=\"a060ad71-be4b-4462-8469-bf6bb42ed1bf\" data-name=\"Hero\"><path d=\"M24.8505,18.7959a.5.5,0,0,0-.707.0059L12.871,30.2773V.5a.5.5,0,0,0-1,0V30.2588L.86,18.8057A.5.5,0,1,0,.14,19.499L12.0087,31.8447l.0078.0078.001.001a.5057.5057,0,0,0,.1274.0928h.001l.001.001.0015.0009a.3267.3267,0,0,0,.0415.0176A.5029.5029,0,0,0,12.3573,32h.0288a.4941.4941,0,0,0,.1783-.0391l.02-.0078v-.001h.002l.0014-.0009a.4835.4835,0,0,0,.1358-.0967h0l.0054-.0059L24.8564,19.5029A.5.5,0,0,0,24.8505,18.7959Z\"><\/path><\/g><\/g><\/svg>\t\t\t<\/a>\n\t\t<\/div>\t\t<\/div>\n\t\t\t\t<\/div>\n\t\t\t\t\t<\/div>\n\t\t<\/div>\n\t\t\t\t\t\t\t<\/div>\n\t\t<\/section>\n\t\t\t\t<section class=\"elementor-section elementor-top-section elementor-element elementor-element-7188f225 elementor-section-boxed elementor-section-height-default elementor-section-height-default\" data-id=\"7188f225\" data-element_type=\"section\" id=\"services\">\n\t\t\t\t\t\t<div class=\"elementor-container elementor-column-gap-default\">\n\t\t\t\t\t<div class=\"elementor-column elementor-col-100 elementor-top-column elementor-element elementor-element-b1e8c0\" data-id=\"b1e8c0\" data-element_type=\"column\">\n\t\t\t<div class=\"elementor-widget-wrap elementor-element-populated\">\n\t\t\t\t\t\t\t\t<div class=\"elementor-element elementor-element-2c8bf2f9 elementor-widget elementor-widget-heading\" data-id=\"2c8bf2f9\" data-element_type=\"widget\" data-widget_type=\"heading.default\">\n\t\t\t\t<div class=\"elementor-widget-container\">\n\t\t\t<h2 class=\"elementor-heading-title elementor-size-default\">Servicii<\/h2>\t\t<\/div>\n\t\t\t\t<\/div>\n\t\t\t\t<section class=\"elementor-section elementor-inner-section elementor-element elementor-element-4bc11148 elementor-section-full_width elementor-section-height-default elementor-section-height-default\" data-id=\"4bc11148\" data-element_type=\"section\">\n\t\t\t\t\t\t<div class=\"elementor-container elementor-column-gap-default\">\n\t\t\t\t\t<div class=\"elementor-column elementor-col-50 elementor-inner-column elementor-element elementor-element-4e81889d\" data-id=\"4e81889d\" data-element_type=\"column\">\n\t\t\t<div class=\"elementor-widget-wrap elementor-element-populated\">\n\t\t\t\t\t\t\t\t<div class=\"elementor-element elementor-element-4e9f6fa2 elementor-view-default elementor-mobile-position-top elementor-vertical-align-top elementor-widget elementor-widget-icon-box\" data-id=\"4e9f6fa2\" data-element_type=\"widget\" data-widget_type=\"icon-box.default\">\n\t\t\t\t<div class=\"elementor-widget-container\">\n\t\t\t<link rel=\"stylesheet\" href=\"https:\/\/staalberg.ro\/wp-content\/plugins\/elementor\/assets\/css\/widget-icon-box.min.css\"><div class=\"elementor-icon-box-wrapper\">\n\t\t\t\t\t\t<div class=\"elementor-icon-box-icon\">\n\t\t\t\t<span class=\"elementor-icon elementor-animation-\" >\n\t\t\t\t<svg xmlns=\"http:\/\/www.w3.org\/2000\/svg\" id=\"a2a00a09-729d-43b0-91e3-98b85cd12d18\" data-name=\"Layer 1\" viewBox=\"0 0 60.7 60.5\"><title>cog ico<\/title><path d=\"M60.6,25.4c-3.3-.1-8.2-1-8.7-2.7-1.3-3.5,3.7-8.8,4-9l.6-.6L49.1,5.3l-.6.5a33.4638,33.4638,0,0,1-6.3,4.1A3.5121,3.5121,0,0,1,39,9.6c-2.1-1.5-2.7-6-2.7-8.5V.3H25.9l-.1.8c-.3,3.1-1.6,8.4-3.5,9.3S16,8.1,13.7,6L13,5.2,5.5,12.8l.6.6c1.5,1.5,5.7,6.4,4.4,8.6-1.4,2.4-7,3.1-9.1,3.1H.6V35.7h.8c3.3.1,8.2,1,8.7,2.7,1.1,3-2.5,7.5-4,9l-.6.6,7.4,7.8.6-.5a33.4638,33.4638,0,0,1,6.3-4.1,3.5121,3.5121,0,0,1,3.2.3c2.6,1.9,2.7,7.7,2.7,8.3v1H36.1l.1-.8c.3-3.1,1.6-8.4,3.5-9.3S46,53,48.3,55.1l.6.6,7.5-7.6-.6-.6c-1.5-1.5-5.7-6.4-4.4-8.6,1.4-2.4,7-3.1,9.1-3.1h.8V25.4Zm-.8,9c-2.2.1-8,.8-9.7,3.9-1.8,3.3,2.4,8.3,4.1,10.1L49,53.6c-1.8-1.6-6.8-5.6-9.9-4.2-3,1.4-4.1,7.6-4.4,9.9H27.5c-.1-2.1-.6-7-3.4-9a5.0987,5.0987,0,0,0-4.7-.5,28.9058,28.9058,0,0,0-6.2,3.9L8,48.2c1.5-1.7,5.2-6.4,3.8-10.2-1-2.9-7-3.6-9.4-3.8V26.9c2.2-.1,8-.8,9.7-3.9,1.8-3.3-2.4-8.3-4.1-10.1l5-5.4c1.8,1.6,6.8,5.6,9.9,4.2,3-1.4,4.1-7.6,4.4-9.9h7.2c.1,2.1.6,7,3.4,9a5.4141,5.4141,0,0,0,4.7.6,28.9058,28.9058,0,0,0,6.2-3.9L54,13c-1.6,1.8-5.2,6.4-3.8,10.2,1,2.9,7,3.6,9.4,3.8v7.4Z\" transform=\"translate(-0.6 -0.3)\"><\/path><path d=\"M31,21.1a9.8,9.8,0,1,0,9.8,9.8A9.8159,9.8159,0,0,0,31,21.1ZM31,39a8.1,8.1,0,1,1,8.1-8.1A8.0663,8.0663,0,0,1,31,39Z\" transform=\"translate(-0.6 -0.3)\"><\/path><\/svg>\t\t\t\t<\/span>\n\t\t\t<\/div>\n\t\t\t\t\t\t<div class=\"elementor-icon-box-content\">\n\t\t\t\t<h3 class=\"elementor-icon-box-title\">\n\t\t\t\t\t<span  >\n\t\t\t\t\t\tManagement de proiect\t\t\t\t\t<\/span>\n\t\t\t\t<\/h3>\n\t\t\t\t\t\t\t\t\t<p class=\"elementor-icon-box-description\">\n\t\t\t\t\t\tSuntem un furnizor de servicii de inginerie centrat pe client, care lucreaz\u0103 \u00een conformitate cu cele mai recente tehnici de management de proiect standard din industrie. Toate proiectele noastre sunt ini\u021biate, planificate, monitorizate \u0219i controlate prin audituri de calitate at\u00e2t pe plan intern, c\u00e2t \u0219i cu clien\u021bii no\u0219tri, r\u0103spunz\u00e2nd nevoilor \u0219i a\u0219tept\u0103rilor \u00een ceea ce prive\u0219te raportul cost\/calitate \u0219i termenul de livrare asigurat.\t\t\t\t\t<\/p>\n\t\t\t\t\t\t\t<\/div>\n\t\t<\/div>\t\t<\/div>\n\t\t\t\t<\/div>\n\t\t\t\t\t<\/div>\n\t\t<\/div>\n\t\t\t\t<div class=\"elementor-column elementor-col-50 elementor-inner-column elementor-element elementor-element-11fd64e9\" data-id=\"11fd64e9\" data-element_type=\"column\">\n\t\t\t<div class=\"elementor-widget-wrap elementor-element-populated\">\n\t\t\t\t\t\t\t\t<div class=\"elementor-element elementor-element-262dcd81 elementor-view-default elementor-mobile-position-top elementor-vertical-align-top elementor-widget elementor-widget-icon-box\" data-id=\"262dcd81\" data-element_type=\"widget\" data-widget_type=\"icon-box.default\">\n\t\t\t\t<div class=\"elementor-widget-container\">\n\t\t\t<div class=\"elementor-icon-box-wrapper\">\n\t\t\t\t\t\t<div class=\"elementor-icon-box-icon\">\n\t\t\t\t<span class=\"elementor-icon elementor-animation-\" >\n\t\t\t\t<svg xmlns=\"http:\/\/www.w3.org\/2000\/svg\" xmlns:xlink=\"http:\/\/www.w3.org\/1999\/xlink\" id=\"e1c5eae5-5c9a-4cac-8583-edb364955efe\" x=\"0px\" y=\"0px\" viewBox=\"0 0 23.4 58.5\" style=\"enable-background:new 0 0 23.4 58.5;\" xml:space=\"preserve\"><path d=\"M7.4,51.1V0H0v51.1l0.1,0.2l3.8,7.3l3.4-7.3L7.4,51.1z M1.7,7h4v42.6h-4V7z M5.7,1.7v3.6h-4V1.7H5.7z M3.8,54.7L2,51.3h3.5  L3.8,54.7z\"><\/path><path d=\"M16,0v51.3h7.4V0H16z M21.7,49.6h-4V41h2v-1.7h-2v-3.1h2v-1.7h-2v-3.1h2v-1.7h-2v-3.1h2v-1.7h-2v-3.1h2V20h-2v-3.1h2v-1.7  h-2V12h2v-1.7h-2V7.1h2V5.4h-2V1.7h4L21.7,49.6z\"><\/path><\/svg>\t\t\t\t<\/span>\n\t\t\t<\/div>\n\t\t\t\t\t\t<div class=\"elementor-icon-box-content\">\n\t\t\t\t<h3 class=\"elementor-icon-box-title\">\n\t\t\t\t\t<span  >\n\t\t\t\t\t\tProiectare &amp; suport tehnic\t\t\t\t\t<\/span>\n\t\t\t\t<\/h3>\n\t\t\t\t\t\t\t\t\t<p class=\"elementor-icon-box-description\">\n\t\t\t\t\t\tOferim un pachet integrat de servicii de proiectare de baz\u0103, inginerie de detaliu \u0219i informa\u021bii de asamblare care se concentreaz\u0103 pe capacit\u0103\u021bile de \u0219antier. Pentru a permite \u0219antierului naval s\u0103 utilizeze c\u00e2t mai eficient pachetele de informa\u021bii furnizate, oferim, de asemenea, asisten\u021ba tehnic\u0103 necesar\u0103.\t\t\t\t\t<\/p>\n\t\t\t\t\t\t\t<\/div>\n\t\t<\/div>\t\t<\/div>\n\t\t\t\t<\/div>\n\t\t\t\t\t<\/div>\n\t\t<\/div>\n\t\t\t\t\t\t\t<\/div>\n\t\t<\/section>\n\t\t\t\t\t<\/div>\n\t\t<\/div>\n\t\t\t\t\t\t\t<\/div>\n\t\t<\/section>\n\t\t\t\t<section class=\"elementor-section elementor-top-section elementor-element elementor-element-6204567a elementor-section-height-min-height elementor-section-full_width elementor-section-items-top elementor-section-height-default\" data-id=\"6204567a\" data-element_type=\"section\">\n\t\t\t\t\t\t<div class=\"elementor-container elementor-column-gap-default\">\n\t\t\t\t\t<div class=\"elementor-column elementor-col-100 elementor-top-column elementor-element elementor-element-202324f8\" data-id=\"202324f8\" data-element_type=\"column\">\n\t\t\t<div class=\"elementor-widget-wrap elementor-element-populated\">\n\t\t\t\t\t\t\t\t<div class=\"elementor-element elementor-element-7e02b597 elementor-view-default elementor-widget elementor-widget-icon\" data-id=\"7e02b597\" data-element_type=\"widget\" data-widget_type=\"icon.default\">\n\t\t\t\t<div class=\"elementor-widget-container\">\n\t\t\t<div class=\"elementor-icon-wrapper\">\n\t\t\t<div class=\"elementor-icon\">\n\t\t\t<svg xmlns=\"http:\/\/www.w3.org\/2000\/svg\" xmlns:xlink=\"http:\/\/www.w3.org\/1999\/xlink\" width=\"43px\" height=\"93px\" viewBox=\"0 0 43 93\"><title>Combined Shape<\/title><desc>Created with Sketch.<\/desc><defs><linearGradient x1=\"53.7525337%\" y1=\"0%\" x2=\"50%\" y2=\"100%\" id=\"linearGradient-1\"><stop stop-color=\"#B7B7B7\" offset=\"0%\"><\/stop><stop stop-color=\"#FFFFFF\" offset=\"100%\"><\/stop><\/linearGradient><\/defs><g id=\"Website-Chosen-Pages\" stroke=\"none\" stroke-width=\"1\" fill=\"none\" fill-rule=\"evenodd\"><g id=\"Home-Page-\" transform=\"translate(-929.000000, -2726.000000)\" stroke=\"url(#linearGradient-1)\" stroke-width=\"2\"><g transform=\"translate(561.000000, 2726.000000)\"><path d=\"M389.5,0 L389.5,93 M369.5,57.3081081 L369.5,93 M399.5,31.6702703 L399.5,93 M409.5,57.3081081 L409.5,93 M379.5,21.6162162 L379.5,93\" id=\"Combined-Shape\"><\/path><\/g><\/g><\/g><\/svg>\t\t\t<\/div>\n\t\t<\/div>\t\t<\/div>\n\t\t\t\t<\/div>\n\t\t\t\t<div class=\"elementor-element elementor-element-6ad72be2 elementor-widget elementor-widget-heading\" data-id=\"6ad72be2\" data-element_type=\"widget\" data-widget_type=\"heading.default\">\n\t\t\t\t<div class=\"elementor-widget-container\">\n\t\t\t<h2 class=\"elementor-heading-title elementor-size-default\">De la \u00eenceput p\u00e2n\u0103 la sf\u00e2r\u0219it -<br>\nvom fi al\u0103turi de dumneavoastr\u0103<\/h2>\t\t<\/div>\n\t\t\t\t<\/div>\n\t\t\t\t<section class=\"elementor-section elementor-inner-section elementor-element elementor-element-dbd02a4 elementor-section-full_width elementor-section-height-default elementor-section-height-default\" data-id=\"dbd02a4\" data-element_type=\"section\">\n\t\t\t\t\t\t<div class=\"elementor-container elementor-column-gap-default\">\n\t\t\t\t\t<div class=\"elementor-column elementor-col-100 elementor-inner-column elementor-element elementor-element-e3a2749\" data-id=\"e3a2749\" data-element_type=\"column\">\n\t\t\t<div class=\"elementor-widget-wrap elementor-element-populated\">\n\t\t\t\t\t\t\t\t<div class=\"elementor-element elementor-element-c224a3f elementor-grid-6 elementor-grid-tablet-2 elementor-grid-mobile-1 elementor-posts--thumbnail-top elementor-widget elementor-widget-posts\" data-id=\"c224a3f\" data-element_type=\"widget\" data-settings=\"{&quot;classic_columns&quot;:&quot;6&quot;,&quot;classic_columns_tablet&quot;:&quot;2&quot;,&quot;classic_columns_mobile&quot;:&quot;1&quot;,&quot;classic_row_gap&quot;:{&quot;unit&quot;:&quot;px&quot;,&quot;size&quot;:35,&quot;sizes&quot;:[]},&quot;classic_row_gap_tablet&quot;:{&quot;unit&quot;:&quot;px&quot;,&quot;size&quot;:&quot;&quot;,&quot;sizes&quot;:[]},&quot;classic_row_gap_mobile&quot;:{&quot;unit&quot;:&quot;px&quot;,&quot;size&quot;:&quot;&quot;,&quot;sizes&quot;:[]}}\" data-widget_type=\"posts.classic\">\n\t\t\t\t<div class=\"elementor-widget-container\">\n\t\t\t<link rel=\"stylesheet\" href=\"https:\/\/staalberg.ro\/wp-content\/plugins\/elementor-pro\/assets\/css\/widget-posts.min.css\"><div class=\"elementor-posts-container elementor-posts elementor-posts--skin-classic elementor-grid\">\n\t\t\t\t<article class=\"elementor-post elementor-grid-item post-249 post type-post status-publish format-standard has-post-thumbnail hentry category-assembly-technical-support category-design category-project-management\">\n\t\t\t\t<a class=\"elementor-post__thumbnail__link\" href=\"https:\/\/staalberg.ro\/?p=249\" >\n\t\t\t<div class=\"elementor-post__thumbnail\"><img loading=\"lazy\" decoding=\"async\" width=\"300\" height=\"129\" src=\"https:\/\/staalberg.ro\/wp-content\/uploads\/2022\/02\/basic-design-300x129.png\" class=\"attachment-medium size-medium\" alt=\"\" \/><\/div>\n\t\t<\/a>\n\t\t\t\t<div class=\"elementor-post__text\">\n\t\t\t\t<h3 class=\"elementor-post__title\">\n\t\t\t<a href=\"https:\/\/staalberg.ro\/?p=249\" >\n\t\t\t\tBasic Design\t\t\t<\/a>\n\t\t<\/h3>\n\t\t\t\t<\/div>\n\t\t\t\t<\/article>\n\t\t\t\t<article class=\"elementor-post elementor-grid-item post-252 post type-post status-publish format-standard has-post-thumbnail hentry category-design category-project-management\">\n\t\t\t\t<a class=\"elementor-post__thumbnail__link\" href=\"https:\/\/staalberg.ro\/?p=252\" >\n\t\t\t<div class=\"elementor-post__thumbnail\"><img loading=\"lazy\" decoding=\"async\" width=\"300\" height=\"129\" src=\"https:\/\/staalberg.ro\/wp-content\/uploads\/2022\/02\/linespan-300x129.png\" class=\"attachment-medium size-medium\" alt=\"\" \/><\/div>\n\t\t<\/a>\n\t\t\t\t<div class=\"elementor-post__text\">\n\t\t\t\t<h3 class=\"elementor-post__title\">\n\t\t\t<a href=\"https:\/\/staalberg.ro\/?p=252\" >\n\t\t\t\tLinesplan &#038; hullsurfaces fairing\t\t\t<\/a>\n\t\t<\/h3>\n\t\t\t\t<\/div>\n\t\t\t\t<\/article>\n\t\t\t\t<article class=\"elementor-post elementor-grid-item post-254 post type-post status-publish format-standard has-post-thumbnail hentry category-assembly-technical-support category-project-management\">\n\t\t\t\t<a class=\"elementor-post__thumbnail__link\" href=\"https:\/\/staalberg.ro\/?p=254\" >\n\t\t\t<div class=\"elementor-post__thumbnail\"><img loading=\"lazy\" decoding=\"async\" width=\"300\" height=\"132\" src=\"https:\/\/staalberg.ro\/wp-content\/uploads\/2022\/03\/2202-randare_finala1-300x132.png\" class=\"attachment-medium size-medium\" alt=\"\" \/><\/div>\n\t\t<\/a>\n\t\t\t\t<div class=\"elementor-post__text\">\n\t\t\t\t<h3 class=\"elementor-post__title\">\n\t\t\t<a href=\"https:\/\/staalberg.ro\/?p=254\" >\n\t\t\t\tDetailed engineering\t\t\t<\/a>\n\t\t<\/h3>\n\t\t\t\t<\/div>\n\t\t\t\t<\/article>\n\t\t\t\t<article class=\"elementor-post elementor-grid-item post-256 post type-post status-publish format-standard has-post-thumbnail hentry category-assembly-technical-support\">\n\t\t\t\t<a class=\"elementor-post__thumbnail__link\" href=\"https:\/\/staalberg.ro\/?p=256\" >\n\t\t\t<div class=\"elementor-post__thumbnail\"><img loading=\"lazy\" decoding=\"async\" width=\"300\" height=\"254\" src=\"https:\/\/staalberg.ro\/wp-content\/uploads\/2022\/02\/iStock-532956373-300x254.jpg\" class=\"attachment-medium size-medium\" alt=\"\" \/><\/div>\n\t\t<\/a>\n\t\t\t\t<div class=\"elementor-post__text\">\n\t\t\t\t<h3 class=\"elementor-post__title\">\n\t\t\t<a href=\"https:\/\/staalberg.ro\/?p=256\" >\n\t\t\t\tAssembly information\t\t\t<\/a>\n\t\t<\/h3>\n\t\t\t\t<\/div>\n\t\t\t\t<\/article>\n\t\t\t\t<article class=\"elementor-post elementor-grid-item post-262 post type-post status-publish format-standard has-post-thumbnail hentry category-assembly-technical-support\">\n\t\t\t\t<a class=\"elementor-post__thumbnail__link\" href=\"https:\/\/staalberg.ro\/?p=262\" >\n\t\t\t<div class=\"elementor-post__thumbnail\"><img loading=\"lazy\" decoding=\"async\" width=\"300\" height=\"294\" src=\"https:\/\/staalberg.ro\/wp-content\/uploads\/2022\/02\/tech_supp1-300x294.png\" class=\"attachment-medium size-medium\" alt=\"\" \/><\/div>\n\t\t<\/a>\n\t\t\t\t<div class=\"elementor-post__text\">\n\t\t\t\t<h3 class=\"elementor-post__title\">\n\t\t\t<a href=\"https:\/\/staalberg.ro\/?p=262\" >\n\t\t\t\tShipyard technical support\t\t\t<\/a>\n\t\t<\/h3>\n\t\t\t\t<\/div>\n\t\t\t\t<\/article>\n\t\t\t\t<article class=\"elementor-post elementor-grid-item post-826 post type-post status-publish format-standard has-post-thumbnail hentry category-repairretrofit\">\n\t\t\t\t<a class=\"elementor-post__thumbnail__link\" href=\"https:\/\/staalberg.ro\/?p=826\" >\n\t\t\t<div class=\"elementor-post__thumbnail\"><img loading=\"lazy\" decoding=\"async\" width=\"225\" height=\"300\" src=\"https:\/\/staalberg.ro\/wp-content\/uploads\/2022\/02\/antonio-janeski-Gtr_O7xa6tY-unsplash-225x300.jpg\" class=\"attachment-medium size-medium\" alt=\"\" \/><\/div>\n\t\t<\/a>\n\t\t\t\t<div class=\"elementor-post__text\">\n\t\t\t\t<h3 class=\"elementor-post__title\">\n\t\t\t<a href=\"https:\/\/staalberg.ro\/?p=826\" >\n\t\t\t\tRepair &#038; retrofit\t\t\t<\/a>\n\t\t<\/h3>\n\t\t\t\t<\/div>\n\t\t\t\t<\/article>\n\t\t\t\t<\/div>\t\t<\/div>\n\t\t\t\t<\/div>\n\t\t\t\t<div class=\"elementor-element elementor-element-ae2c77c elementor-widget elementor-widget-spacer\" data-id=\"ae2c77c\" data-element_type=\"widget\" data-widget_type=\"spacer.default\">\n\t\t\t\t<div class=\"elementor-widget-container\">\n\t\t\t<style>\/*! elementor - v3.6.3 - 12-04-2022 *\/\n.e-container.e-container--row .elementor-spacer-inner{width:var(--spacer-size)}.e-container.e-container--column .elementor-spacer-inner,.elementor-column .elementor-spacer-inner{height:var(--spacer-size)}<\/style><div class=\"elementor-spacer\">\n\t\t\t<div class=\"elementor-spacer-inner\"><\/div>\n\t\t<\/div>\t\t<\/div>\n\t\t\t\t<\/div>\n\t\t\t\t\t<\/div>\n\t\t<\/div>\n\t\t\t\t\t\t\t<\/div>\n\t\t<\/section>\n\t\t\t\t\t<\/div>\n\t\t<\/div>\n\t\t\t\t\t\t\t<\/div>\n\t\t<\/section>\n\t\t\t\t\t\t\t<\/div>","protected":false},"excerpt":{"rendered":"<p>Proiecte personalizate func\u021bionale \u0219i inovatoare de \u00eenalt\u0103 calitate scroll-down-icon Servicii cog ico Management de proiect Suntem un furnizor de servicii de inginerie centrat pe client,<\/p>\n","protected":false},"author":1,"featured_media":0,"parent":0,"menu_order":0,"comment_status":"closed","ping_status":"closed","template":"elementor_header_footer","meta":{"footnotes":""},"acf":[],"_links":{"self":[{"href":"https:\/\/staalberg.ro\/index.php?rest_route=\/wp\/v2\/pages\/871"}],"collection":[{"href":"https:\/\/staalberg.ro\/index.php?rest_route=\/wp\/v2\/pages"}],"about":[{"href":"https:\/\/staalberg.ro\/index.php?rest_route=\/wp\/v2\/types\/page"}],"author":[{"embeddable":true,"href":"https:\/\/staalberg.ro\/index.php?rest_route=\/wp\/v2\/users\/1"}],"replies":[{"embeddable":true,"href":"https:\/\/staalberg.ro\/index.php?rest_route=%2Fwp%2Fv2%2Fcomments&post=871"}],"version-history":[{"count":4,"href":"https:\/\/staalberg.ro\/index.php?rest_route=\/wp\/v2\/pages\/871\/revisions"}],"predecessor-version":[{"id":924,"href":"https:\/\/staalberg.ro\/index.php?rest_route=\/wp\/v2\/pages\/871\/revisions\/924"}],"wp:attachment":[{"href":"https:\/\/staalberg.ro\/index.php?rest_route=%2Fwp%2Fv2%2Fmedia&parent=871"}],"curies":[{"name":"wp","href":"https:\/\/api.w.org\/{rel}","templated":true}]}}