{"id":869,"date":"2022-06-16T09:31:32","date_gmt":"2022-06-16T09:31:32","guid":{"rendered":"https:\/\/staalberg.ro\/?page_id=869"},"modified":"2023-08-03T09:14:54","modified_gmt":"2023-08-03T09:14:54","slug":"proiecte","status":"publish","type":"page","link":"https:\/\/staalberg.ro\/?page_id=869&lang=ro","title":{"rendered":"Proiecte"},"content":{"rendered":"<div data-elementor-type=\"wp-page\" data-elementor-id=\"869\" class=\"elementor elementor-869\">\n\t\t\t\t\t\t\t\t\t<section class=\"elementor-section elementor-top-section elementor-element elementor-element-54caaa57 elementor-section-full_width elementor-section-height-min-height elementor-section-height-default elementor-section-items-middle\" data-id=\"54caaa57\" data-element_type=\"section\" data-settings=\"{&quot;background_background&quot;:&quot;classic&quot;,&quot;background_motion_fx_motion_fx_scrolling&quot;:&quot;yes&quot;,&quot;background_motion_fx_scale_effect&quot;:&quot;yes&quot;,&quot;background_motion_fx_scale_speed&quot;:{&quot;unit&quot;:&quot;px&quot;,&quot;size&quot;:&quot;1&quot;,&quot;sizes&quot;:[]},&quot;background_motion_fx_scale_direction&quot;:&quot;out-in&quot;,&quot;background_motion_fx_scale_range&quot;:{&quot;unit&quot;:&quot;%&quot;,&quot;size&quot;:&quot;&quot;,&quot;sizes&quot;:{&quot;start&quot;:20,&quot;end&quot;:80}},&quot;background_motion_fx_devices&quot;:[&quot;desktop&quot;,&quot;tablet&quot;,&quot;mobile&quot;]}\">\n\t\t\t\t\t\t\t<div class=\"elementor-background-overlay\"><\/div>\n\t\t\t\t\t\t\t<div class=\"elementor-container elementor-column-gap-default\">\n\t\t\t\t\t<div class=\"elementor-column elementor-col-100 elementor-top-column elementor-element elementor-element-29ff3e16\" data-id=\"29ff3e16\" data-element_type=\"column\">\n\t\t\t<div class=\"elementor-widget-wrap elementor-element-populated\">\n\t\t\t\t\t\t\t\t<div class=\"elementor-element elementor-element-403f5e77 elementor-widget elementor-widget-heading\" data-id=\"403f5e77\" data-element_type=\"widget\" data-widget_type=\"heading.default\">\n\t\t\t\t<div class=\"elementor-widget-container\">\n\t\t\t<style>\/*! elementor - v3.6.3 - 12-04-2022 *\/\n.elementor-heading-title{padding:0;margin:0;line-height:1}.elementor-widget-heading .elementor-heading-title[class*=elementor-size-]>a{color:inherit;font-size:inherit;line-height:inherit}.elementor-widget-heading .elementor-heading-title.elementor-size-small{font-size:15px}.elementor-widget-heading .elementor-heading-title.elementor-size-medium{font-size:19px}.elementor-widget-heading .elementor-heading-title.elementor-size-large{font-size:29px}.elementor-widget-heading .elementor-heading-title.elementor-size-xl{font-size:39px}.elementor-widget-heading .elementor-heading-title.elementor-size-xxl{font-size:59px}<\/style><h1 class=\"elementor-heading-title elementor-size-default\">Proiectele noastre<\/h1>\t\t<\/div>\n\t\t\t\t<\/div>\n\t\t\t\t\t<\/div>\n\t\t<\/div>\n\t\t\t\t\t\t\t<\/div>\n\t\t<\/section>\n\t\t\t\t<section class=\"elementor-section elementor-top-section elementor-element elementor-element-c549388 elementor-section-height-min-height elementor-section-boxed elementor-section-height-default elementor-section-items-middle\" data-id=\"c549388\" data-element_type=\"section\">\n\t\t\t\t\t\t<div class=\"elementor-container elementor-column-gap-default\">\n\t\t\t\t\t<div class=\"elementor-column elementor-col-100 elementor-top-column elementor-element elementor-element-9ab25f8\" data-id=\"9ab25f8\" data-element_type=\"column\">\n\t\t\t<div class=\"elementor-widget-wrap elementor-element-populated\">\n\t\t\t\t\t\t\t\t<div class=\"elementor-element elementor-element-b4bbf3d elementor-view-default elementor-widget elementor-widget-icon\" data-id=\"b4bbf3d\" data-element_type=\"widget\" data-widget_type=\"icon.default\">\n\t\t\t\t<div class=\"elementor-widget-container\">\n\t\t\t<div class=\"elementor-icon-wrapper\">\n\t\t\t<div class=\"elementor-icon\">\n\t\t\t<svg xmlns=\"http:\/\/www.w3.org\/2000\/svg\" xmlns:xlink=\"http:\/\/www.w3.org\/1999\/xlink\" width=\"43px\" height=\"93px\" viewBox=\"0 0 43 93\"><title>Combined Shape<\/title><desc>Created with Sketch.<\/desc><defs><linearGradient x1=\"53.7525337%\" y1=\"0%\" x2=\"50%\" y2=\"100%\" id=\"linearGradient-1\"><stop stop-color=\"#B7B7B7\" offset=\"0%\"><\/stop><stop stop-color=\"#FFFFFF\" offset=\"100%\"><\/stop><\/linearGradient><\/defs><g id=\"Website-Chosen-Pages\" stroke=\"none\" stroke-width=\"1\" fill=\"none\" fill-rule=\"evenodd\"><g id=\"Home-Page-\" transform=\"translate(-929.000000, -2726.000000)\" stroke=\"url(#linearGradient-1)\" stroke-width=\"2\"><g transform=\"translate(561.000000, 2726.000000)\"><path d=\"M389.5,0 L389.5,93 M369.5,57.3081081 L369.5,93 M399.5,31.6702703 L399.5,93 M409.5,57.3081081 L409.5,93 M379.5,21.6162162 L379.5,93\" id=\"Combined-Shape\"><\/path><\/g><\/g><\/g><\/svg>\t\t\t<\/div>\n\t\t<\/div>\t\t<\/div>\n\t\t\t\t<\/div>\n\t\t\t\t<div class=\"elementor-element elementor-element-52d544f elementor-widget elementor-widget-heading\" data-id=\"52d544f\" data-element_type=\"widget\" data-widget_type=\"heading.default\">\n\t\t\t\t<div class=\"elementor-widget-container\">\n\t\t\t<h2 class=\"elementor-heading-title elementor-size-default\">V\u0103 prezent\u0103m cu m\u00e2ndrie proiectele noastre de anul trecut<\/h2>\t\t<\/div>\n\t\t\t\t<\/div>\n\t\t\t\t<div class=\"elementor-element elementor-element-73512b2 elementor-widget elementor-widget-text-editor\" data-id=\"73512b2\" data-element_type=\"widget\" data-widget_type=\"text-editor.default\">\n\t\t\t\t<div class=\"elementor-widget-container\">\n\t\t\t<style>\/*! elementor - v3.6.3 - 12-04-2022 *\/\n.elementor-widget-text-editor.elementor-drop-cap-view-stacked .elementor-drop-cap{background-color:#818a91;color:#fff}.elementor-widget-text-editor.elementor-drop-cap-view-framed .elementor-drop-cap{color:#818a91;border:3px solid;background-color:transparent}.elementor-widget-text-editor:not(.elementor-drop-cap-view-default) .elementor-drop-cap{margin-top:8px}.elementor-widget-text-editor:not(.elementor-drop-cap-view-default) .elementor-drop-cap-letter{width:1em;height:1em}.elementor-widget-text-editor .elementor-drop-cap{float:left;text-align:center;line-height:1;font-size:50px}.elementor-widget-text-editor .elementor-drop-cap-letter{display:inline-block}<\/style><ul><li>\u00a0Basic and detailed engineering for Dry Cargo \/ Container Barge 110&#215;11.45&#215;4.5m<\/li><\/ul>\t\t<\/div>\n\t\t\t\t<\/div>\n\t\t\t\t<div class=\"elementor-element elementor-element-e79d898 elementor-widget elementor-widget-image\" data-id=\"e79d898\" data-element_type=\"widget\" data-widget_type=\"image.default\">\n\t\t\t\t<div class=\"elementor-widget-container\">\n\t\t\t<style>\/*! elementor - v3.6.3 - 12-04-2022 *\/\n.elementor-widget-image{text-align:center}.elementor-widget-image a{display:inline-block}.elementor-widget-image a img[src$=\".svg\"]{width:48px}.elementor-widget-image img{vertical-align:middle;display:inline-block}<\/style><img loading=\"lazy\" decoding=\"async\" width=\"768\" height=\"432\" src=\"https:\/\/staalberg.ro\/wp-content\/uploads\/2022\/11\/P2205-768x432.jpg\" class=\"attachment-medium_large size-medium_large\" alt=\"\" srcset=\"https:\/\/staalberg.ro\/wp-content\/uploads\/2022\/11\/P2205-768x432.jpg 768w, https:\/\/staalberg.ro\/wp-content\/uploads\/2022\/11\/P2205-300x169.jpg 300w, https:\/\/staalberg.ro\/wp-content\/uploads\/2022\/11\/P2205-1024x576.jpg 1024w, https:\/\/staalberg.ro\/wp-content\/uploads\/2022\/11\/P2205-1536x864.jpg 1536w, https:\/\/staalberg.ro\/wp-content\/uploads\/2022\/11\/P2205.jpg 1920w\" sizes=\"(max-width: 768px) 100vw, 768px\" \/>\t\t<\/div>\n\t\t\t\t<\/div>\n\t\t\t\t<div class=\"elementor-element elementor-element-98c2fe1 elementor-widget elementor-widget-text-editor\" data-id=\"98c2fe1\" data-element_type=\"widget\" data-widget_type=\"text-editor.default\">\n\t\t\t\t<div class=\"elementor-widget-container\">\n\t\t\t<ul>\n<li>&nbsp;Basic and detailed engineering for Inland tanker 110&#215;11.45&#215;5.34m (10 tanks cargo-hold)<\/li>\n<\/ul>\t\t<\/div>\n\t\t\t\t<\/div>\n\t\t\t\t<div class=\"elementor-element elementor-element-1703b0d elementor-widget elementor-widget-image\" data-id=\"1703b0d\" data-element_type=\"widget\" data-widget_type=\"image.default\">\n\t\t\t\t<div class=\"elementor-widget-container\">\n\t\t\t<img loading=\"lazy\" decoding=\"async\" width=\"768\" height=\"432\" src=\"https:\/\/staalberg.ro\/wp-content\/uploads\/2022\/11\/P2209-4-768x432.jpg\" class=\"attachment-medium_large size-medium_large\" alt=\"\" srcset=\"https:\/\/staalberg.ro\/wp-content\/uploads\/2022\/11\/P2209-4-768x432.jpg 768w, https:\/\/staalberg.ro\/wp-content\/uploads\/2022\/11\/P2209-4-300x169.jpg 300w, https:\/\/staalberg.ro\/wp-content\/uploads\/2022\/11\/P2209-4-1024x576.jpg 1024w, https:\/\/staalberg.ro\/wp-content\/uploads\/2022\/11\/P2209-4-1536x864.jpg 1536w, https:\/\/staalberg.ro\/wp-content\/uploads\/2022\/11\/P2209-4.jpg 1920w\" sizes=\"(max-width: 768px) 100vw, 768px\" \/>\t\t<\/div>\n\t\t\t\t<\/div>\n\t\t\t\t<div class=\"elementor-element elementor-element-be6e5a6 elementor-widget elementor-widget-text-editor\" data-id=\"be6e5a6\" data-element_type=\"widget\" data-widget_type=\"text-editor.default\">\n\t\t\t\t<div class=\"elementor-widget-container\">\n\t\t\t<ul>\n<li>&nbsp;Improved tracks and pontoons system for Hitachi MA200 Excavators with increased flotation and stability<\/li>\n<\/ul>\t\t<\/div>\n\t\t\t\t<\/div>\n\t\t\t\t<div class=\"elementor-element elementor-element-8fadd44 elementor-widget elementor-widget-image\" data-id=\"8fadd44\" data-element_type=\"widget\" data-widget_type=\"image.default\">\n\t\t\t\t<div class=\"elementor-widget-container\">\n\t\t\t<img loading=\"lazy\" decoding=\"async\" width=\"768\" height=\"432\" src=\"https:\/\/staalberg.ro\/wp-content\/uploads\/2022\/11\/MA200-st01-768x432.jpg\" class=\"attachment-medium_large size-medium_large\" alt=\"\" srcset=\"https:\/\/staalberg.ro\/wp-content\/uploads\/2022\/11\/MA200-st01-768x432.jpg 768w, https:\/\/staalberg.ro\/wp-content\/uploads\/2022\/11\/MA200-st01-300x169.jpg 300w, https:\/\/staalberg.ro\/wp-content\/uploads\/2022\/11\/MA200-st01-1024x576.jpg 1024w, https:\/\/staalberg.ro\/wp-content\/uploads\/2022\/11\/MA200-st01-1536x864.jpg 1536w, https:\/\/staalberg.ro\/wp-content\/uploads\/2022\/11\/MA200-st01.jpg 1920w\" sizes=\"(max-width: 768px) 100vw, 768px\" \/>\t\t<\/div>\n\t\t\t\t<\/div>\n\t\t\t\t<div class=\"elementor-element elementor-element-0864ae7 elementor-widget elementor-widget-text-editor\" data-id=\"0864ae7\" data-element_type=\"widget\" data-widget_type=\"text-editor.default\">\n\t\t\t\t<div class=\"elementor-widget-container\">\n\t\t\t<ul>\n<li>&nbsp;Basic and detailed engineering for container barge 76.5&#215;11.45&#215;3.59m:<\/li>\n<\/ul>\t\t<\/div>\n\t\t\t\t<\/div>\n\t\t\t\t<div class=\"elementor-element elementor-element-f9fd88f elementor-widget elementor-widget-image\" data-id=\"f9fd88f\" data-element_type=\"widget\" data-widget_type=\"image.default\">\n\t\t\t\t<div class=\"elementor-widget-container\">\n\t\t\t<img loading=\"lazy\" decoding=\"async\" width=\"768\" height=\"227\" src=\"https:\/\/staalberg.ro\/wp-content\/uploads\/2022\/03\/2202-1-768x227.png\" class=\"attachment-medium_large size-medium_large\" alt=\"\" srcset=\"https:\/\/staalberg.ro\/wp-content\/uploads\/2022\/03\/2202-1-768x227.png 768w, https:\/\/staalberg.ro\/wp-content\/uploads\/2022\/03\/2202-1-300x89.png 300w, https:\/\/staalberg.ro\/wp-content\/uploads\/2022\/03\/2202-1-1024x302.png 1024w, https:\/\/staalberg.ro\/wp-content\/uploads\/2022\/03\/2202-1-1536x454.png 1536w, https:\/\/staalberg.ro\/wp-content\/uploads\/2022\/03\/2202-1.png 1581w\" sizes=\"(max-width: 768px) 100vw, 768px\" \/>\t\t<\/div>\n\t\t\t\t<\/div>\n\t\t\t\t<div class=\"elementor-element elementor-element-2384b9a elementor-widget elementor-widget-text-editor\" data-id=\"2384b9a\" data-element_type=\"widget\" data-widget_type=\"text-editor.default\">\n\t\t\t\t<div class=\"elementor-widget-container\">\n\t\t\t<ul><li>\u00a0Detailed engineering for LPG inland tankers 120&#215;11.4&#215;5.7m:<\/li><\/ul>\t\t<\/div>\n\t\t\t\t<\/div>\n\t\t\t\t<div class=\"elementor-element elementor-element-8b75c6a elementor-widget elementor-widget-image\" data-id=\"8b75c6a\" data-element_type=\"widget\" data-widget_type=\"image.default\">\n\t\t\t\t<div class=\"elementor-widget-container\">\n\t\t\t<img loading=\"lazy\" decoding=\"async\" width=\"768\" height=\"270\" src=\"https:\/\/staalberg.ro\/wp-content\/uploads\/2022\/03\/complex-hullshapes3-768x270.png\" class=\"attachment-medium_large size-medium_large\" alt=\"\" srcset=\"https:\/\/staalberg.ro\/wp-content\/uploads\/2022\/03\/complex-hullshapes3-768x270.png 768w, https:\/\/staalberg.ro\/wp-content\/uploads\/2022\/03\/complex-hullshapes3-300x105.png 300w, https:\/\/staalberg.ro\/wp-content\/uploads\/2022\/03\/complex-hullshapes3-1024x360.png 1024w, https:\/\/staalberg.ro\/wp-content\/uploads\/2022\/03\/complex-hullshapes3-1536x540.png 1536w, https:\/\/staalberg.ro\/wp-content\/uploads\/2022\/03\/complex-hullshapes3.png 1596w\" sizes=\"(max-width: 768px) 100vw, 768px\" \/>\t\t<\/div>\n\t\t\t\t<\/div>\n\t\t\t\t<div class=\"elementor-element elementor-element-6a45398 elementor-widget elementor-widget-text-editor\" data-id=\"6a45398\" data-element_type=\"widget\" data-widget_type=\"text-editor.default\">\n\t\t\t\t<div class=\"elementor-widget-container\">\n\t\t\t<ul><li>\u00a0Detailed engineering for type C inland chemical tankers 110&#215;11.4&#215;4.98m:<\/li><\/ul>\t\t<\/div>\n\t\t\t\t<\/div>\n\t\t\t\t<div class=\"elementor-element elementor-element-14c709e elementor-widget elementor-widget-image\" data-id=\"14c709e\" data-element_type=\"widget\" data-widget_type=\"image.default\">\n\t\t\t\t<div class=\"elementor-widget-container\">\n\t\t\t<img loading=\"lazy\" decoding=\"async\" width=\"800\" height=\"334\" src=\"https:\/\/staalberg.ro\/wp-content\/uploads\/2022\/03\/169-2-1024x427.png\" class=\"attachment-large size-large\" alt=\"\" srcset=\"https:\/\/staalberg.ro\/wp-content\/uploads\/2022\/03\/169-2-1024x427.png 1024w, https:\/\/staalberg.ro\/wp-content\/uploads\/2022\/03\/169-2-300x125.png 300w, https:\/\/staalberg.ro\/wp-content\/uploads\/2022\/03\/169-2-768x320.png 768w, https:\/\/staalberg.ro\/wp-content\/uploads\/2022\/03\/169-2-1536x640.png 1536w, https:\/\/staalberg.ro\/wp-content\/uploads\/2022\/03\/169-2.png 1605w\" sizes=\"(max-width: 800px) 100vw, 800px\" \/>\t\t<\/div>\n\t\t\t\t<\/div>\n\t\t\t\t<div class=\"elementor-element elementor-element-68eef02 elementor-widget elementor-widget-text-editor\" data-id=\"68eef02\" data-element_type=\"widget\" data-widget_type=\"text-editor.default\">\n\t\t\t\t<div class=\"elementor-widget-container\">\n\t\t\t<ul><li>\u00a0Detailed engineering for dry cargo\/ container inland vessel 110&#215;11.45&#215;3.9m<\/li><\/ul>\t\t<\/div>\n\t\t\t\t<\/div>\n\t\t\t\t<div class=\"elementor-element elementor-element-03d652f elementor-widget elementor-widget-image\" data-id=\"03d652f\" data-element_type=\"widget\" data-widget_type=\"image.default\">\n\t\t\t\t<div class=\"elementor-widget-container\">\n\t\t\t<img loading=\"lazy\" decoding=\"async\" width=\"800\" height=\"345\" src=\"https:\/\/staalberg.ro\/wp-content\/uploads\/2022\/03\/936-3-1024x442.png\" class=\"attachment-large size-large\" alt=\"\" srcset=\"https:\/\/staalberg.ro\/wp-content\/uploads\/2022\/03\/936-3-1024x442.png 1024w, https:\/\/staalberg.ro\/wp-content\/uploads\/2022\/03\/936-3-300x130.png 300w, https:\/\/staalberg.ro\/wp-content\/uploads\/2022\/03\/936-3-768x332.png 768w, https:\/\/staalberg.ro\/wp-content\/uploads\/2022\/03\/936-3-1536x664.png 1536w, https:\/\/staalberg.ro\/wp-content\/uploads\/2022\/03\/936-3.png 1588w\" sizes=\"(max-width: 800px) 100vw, 800px\" \/>\t\t<\/div>\n\t\t\t\t<\/div>\n\t\t\t\t<div class=\"elementor-element elementor-element-082b64c elementor-widget elementor-widget-text-editor\" data-id=\"082b64c\" data-element_type=\"widget\" data-widget_type=\"text-editor.default\">\n\t\t\t\t<div class=\"elementor-widget-container\">\n\t\t\t<ul><li>\u00a0Detailed engineering for 450 pax. inland cruise vessel 135&#215;17.5&#215;8.5m<\/li><\/ul>\t\t<\/div>\n\t\t\t\t<\/div>\n\t\t\t\t<div class=\"elementor-element elementor-element-539308b elementor-widget elementor-widget-image\" data-id=\"539308b\" data-element_type=\"widget\" data-widget_type=\"image.default\">\n\t\t\t\t<div class=\"elementor-widget-container\">\n\t\t\t<img loading=\"lazy\" decoding=\"async\" width=\"800\" height=\"323\" src=\"https:\/\/staalberg.ro\/wp-content\/uploads\/2022\/03\/Capture-1-1024x413.png\" class=\"attachment-large size-large\" alt=\"\" srcset=\"https:\/\/staalberg.ro\/wp-content\/uploads\/2022\/03\/Capture-1-1024x413.png 1024w, https:\/\/staalberg.ro\/wp-content\/uploads\/2022\/03\/Capture-1-300x121.png 300w, https:\/\/staalberg.ro\/wp-content\/uploads\/2022\/03\/Capture-1-768x309.png 768w, https:\/\/staalberg.ro\/wp-content\/uploads\/2022\/03\/Capture-1-1536x619.png 1536w, https:\/\/staalberg.ro\/wp-content\/uploads\/2022\/03\/Capture-1.png 1608w\" sizes=\"(max-width: 800px) 100vw, 800px\" \/>\t\t<\/div>\n\t\t\t\t<\/div>\n\t\t\t\t<div class=\"elementor-element elementor-element-b64f87d elementor-widget elementor-widget-spacer\" data-id=\"b64f87d\" data-element_type=\"widget\" data-widget_type=\"spacer.default\">\n\t\t\t\t<div class=\"elementor-widget-container\">\n\t\t\t<style>\/*! elementor - v3.6.3 - 12-04-2022 *\/\n.e-container.e-container--row .elementor-spacer-inner{width:var(--spacer-size)}.e-container.e-container--column .elementor-spacer-inner,.elementor-column .elementor-spacer-inner{height:var(--spacer-size)}<\/style><div class=\"elementor-spacer\">\n\t\t\t<div class=\"elementor-spacer-inner\"><\/div>\n\t\t<\/div>\t\t<\/div>\n\t\t\t\t<\/div>\n\t\t\t\t\t<\/div>\n\t\t<\/div>\n\t\t\t\t\t\t\t<\/div>\n\t\t<\/section>\n\t\t\t\t\t\t\t<\/div>","protected":false},"excerpt":{"rendered":"<p>Proiectele noastre Combined ShapeCreated with Sketch. V\u0103 prezent\u0103m cu m\u00e2ndrie proiectele noastre de anul trecut \u00a0Basic and detailed engineering for Dry Cargo \/ Container Barge 110&#215;11.45&#215;4.5m &nbsp;Basic and detailed engineering for Inland tanker 110&#215;11.45&#215;5.34m (10 tanks cargo-hold) &nbsp;Improved tracks and pontoons system for Hitachi MA200 Excavators with increased flotation and stability &nbsp;Basic and detailed engineering [&hellip;]<\/p>\n","protected":false},"author":1,"featured_media":0,"parent":0,"menu_order":0,"comment_status":"closed","ping_status":"closed","template":"elementor_header_footer","meta":{"footnotes":""},"acf":[],"_links":{"self":[{"href":"https:\/\/staalberg.ro\/index.php?rest_route=\/wp\/v2\/pages\/869"}],"collection":[{"href":"https:\/\/staalberg.ro\/index.php?rest_route=\/wp\/v2\/pages"}],"about":[{"href":"https:\/\/staalberg.ro\/index.php?rest_route=\/wp\/v2\/types\/page"}],"author":[{"embeddable":true,"href":"https:\/\/staalberg.ro\/index.php?rest_route=\/wp\/v2\/users\/1"}],"replies":[{"embeddable":true,"href":"https:\/\/staalberg.ro\/index.php?rest_route=%2Fwp%2Fv2%2Fcomments&post=869"}],"version-history":[{"count":7,"href":"https:\/\/staalberg.ro\/index.php?rest_route=\/wp\/v2\/pages\/869\/revisions"}],"predecessor-version":[{"id":972,"href":"https:\/\/staalberg.ro\/index.php?rest_route=\/wp\/v2\/pages\/869\/revisions\/972"}],"wp:attachment":[{"href":"https:\/\/staalberg.ro\/index.php?rest_route=%2Fwp%2Fv2%2Fmedia&parent=869"}],"curies":[{"name":"wp","href":"https:\/\/api.w.org\/{rel}","templated":true}]}}