{"id":785,"date":"2022-03-25T08:45:25","date_gmt":"2022-03-25T08:45:25","guid":{"rendered":"https:\/\/staalberg.ro\/?page_id=785"},"modified":"2022-06-16T09:30:39","modified_gmt":"2022-06-16T09:30:39","slug":"termeni-si-conditii","status":"publish","type":"page","link":"https:\/\/staalberg.ro\/?page_id=785&lang=ro","title":{"rendered":"Termeni \u0219i condi\u021bii"},"content":{"rendered":"<p><strong>Ultima actualizare 19 februarie 2022<\/strong><\/p>\n<ol>\n<li><strong>Acordul la Termeni<\/strong><\/li>\n<\/ol>\n<p>1.1 Ace\u0219ti Termeni \u0219i Condi\u021bii constituie un acord obligatoriu din punct de vedere juridic \u00eencheiat \u00eentre dvs., fie personal sau \u00een numele unei entit\u0103\u021bi (<strong>dvs<\/strong>.), \u0219i\u00a0<strong>Staalberg Engineering SRL<\/strong>, care desf\u0103\u0219oar\u0103 activit\u0103\u021bi comerciale ca\u00a0<strong>Staalberg.ro<\/strong>, cu privire la accesul la \u0219i utilizarea paginii de Internet Staalberg.ro (https:\/\/stalberg.ro), precum \u0219i orice alte aplica\u021bii conexe (site-ul).<\/p>\n<p>Site-ul ofer\u0103 urm\u0103toarele servicii:\u00a0<strong>ship design<\/strong>\u00a0(<strong>Servicii<\/strong>). Sunte\u021bi de acord c\u0103 acces\u00e2nd Site-ul \u0219i \/ sau Serviciile, a\u021bi citit, a\u021bi \u00een\u021beles \u0219i sunte\u021bi de acord s\u0103 respecta\u021bi to\u021bi ace\u0219ti Termeni \u0219i condi\u021bii.<\/p>\n<p><strong>Dac\u0103 nu sunte\u021bi de acord cu to\u021bi ace\u0219ti Termeni \u0219i Condi\u021bii, atunci vi se interzice utilizarea Site-ului \u0219i a Serviciilor \u0219i trebuie s\u0103 \u00eentrerupe\u021bi imediat utilizarea lor.<\/strong>\u00a0V\u0103 recomand\u0103m s\u0103 imprima\u021bi o copie a acestor Termeni \u0219i condi\u021bii pentru referin\u021be viitoare.<\/p>\n<p>1.2 Politicile suplimentare prezentate \u00een sec\u021biunea 1.7 de mai jos, precum \u0219i orice termeni \u0219i condi\u021bii suplimentare sau documente care pot fi periodic postate pe Site sunt incluse \u00een mod expres prin referin\u021b\u0103.<\/p>\n<p>1.3 Este posibil s\u0103 modific\u0103m termenii \u0219i condi\u021biile \u00een orice moment. Versiunea actualizat\u0103 a acestor Termeni \u0219i condi\u021bii va fi indicat\u0103 printr-o dat\u0103 actualizat\u0103 \u201eRevizuit\u0103\u201d, iar versiunea actualizat\u0103 va intra \u00een vigoare de \u00eendat\u0103 ce va fi accesibil\u0103. Sunte\u021bi responsabil pentru revizuirea acestor Termeni \u0219i condi\u021bii pentru a fi informa\u021bi \u00een leg\u0103tur\u0103 cu actualiz\u0103rile. Utilizarea continu\u0103 a site-ului \u00eenseamn\u0103 c\u0103 a\u021bi acceptat astfel de modific\u0103ri.<\/p>\n<p>1.4 Este posibil s\u0103 actualiz\u0103m sau s\u0103 modific\u0103m site-ul din c\u00e2nd \u00een c\u00e2nd pentru a reflecta modific\u0103rile aduse produselor noastre, nevoilor utilizatorilor \u0219i \/ sau priorit\u0103\u021bilor noastre de afaceri.<\/p>\n<p>1.5 Site-ul nostru este adresat persoanelor care locuiesc \u00een Rom\u00e2nia. Informa\u021biile furnizate pe site nu sunt destinate distribuirii sau utiliz\u0103rii de c\u0103tre nicio persoan\u0103 sau entitate \u00een nici o jurisdic\u021bie sau \u021bar\u0103 \u00een care o astfel de distribu\u021bie sau utilizare ar fi contrar\u0103 legilor sau reglement\u0103rilor sau care ne-ar supune oric\u0103ror cerin\u021be de \u00eenregistrare \u00een cadrul respectivei jurisdic\u021bii sau \u021b\u0103ri .<\/p>\n<p>1.6 Site-ul este destinat utilizatorilor care au cel pu\u021bin 18 ani. Dac\u0103 sunte\u021bi sub v\u00e2rsta de 18 ani, nu vi se permite s\u0103 v\u0103 \u00eenregistra\u021bi pe Site sau s\u0103 utiliza\u021bi Serviciile f\u0103r\u0103 permisiunea p\u0103rinteasc\u0103.<\/p>\n<p>1.7 Politicile suplimentare care se aplic\u0103 \u0219i \u00een cazul utiliz\u0103rii de c\u0103tre dvs. a Site-ului includ:<\/p>\n<ol start=\"2\">\n<li><strong>Utilizare acceptabil\u0103<\/strong><\/li>\n<\/ol>\n<p>2.1 Nu puteti utiliza site-ul \u0219i serviciile noastre \u00een alt scop dec\u00e2t cel pentru care au fost realizate. Con\u021binutul Site-ului nu poate fi folosit \u00een scop comercial, cu excep\u021bia cazurilor \u00een care acestea sunt aprobate \u00een mod special de c\u0103tre noi.<\/p>\n<p>2.2 \u00cen calitate de utilizator al acestui site, sunte\u021bi de acord s\u0103 nu:<\/p>\n<ul>\n<li>Crea\u021bi leg\u0103turi c\u0103tre site sau s\u0103 incorpora\u021bi neautorizat Site-ul \u00een alte pagini.<\/li>\n<li>Circumscrie\u021bi, dezactiva\u021bi sau interfera\u021bi \u00een alt mod cu caracteristicile legate de securitate ale site-ului, inclusiv func\u021biile care \u00eempiedic\u0103 sau restric\u021bioneaz\u0103 utilizarea sau copierea oric\u0103rui con\u021binut sau impun limit\u0103ri privind utilizarea<\/li>\n<li>Folosi\u021bi necorespunz\u0103tor serviciile noastre de asisten\u021b\u0103 sau trimite\u021bi rapoarte false despre abuz sau conduit\u0103 necorespunz\u0103toare<\/li>\n<li>Angaja\u021bi \u00een orice utilizare automat\u0103 a sistemului, cum ar fi utilizarea de script-uri pentru a trimite comentarii sau mesaje, sau utilizarea oric\u0103ror minare de date, robo\u021bi sau instrumente similare de colectare \u0219i extragere a datelor<\/li>\n<li>Interfera\u021bi, \u00eentrerupe\u021bi sau crea\u021bi o povar\u0103 nejustificat\u0103 pe Site sau pe re\u021belele \u0219i serviciile conectate la Site<\/li>\n<li>\u00cencerca\u021bi s\u0103 impersona\u021bi un alt utilizator sau o persoan\u0103 sau s\u0103 utiliza\u021bi numele de utilizator al altui utilizator<\/li>\n<li>Utiliza\u021bi orice informa\u021bie ob\u021binut\u0103 de pe site pentru a h\u0103r\u021bui, a abuza sau a face r\u0103u unei alte persoane<\/li>\n<li>Folosi\u021bi Site-ul sau con\u021binutul nostru ca parte a oric\u0103ror eforturi de a concura cu noi sau orice efort de a genera venituri sau activitate comercial\u0103<\/li>\n<li>\u00cencerca\u021bi s\u0103 accesa\u021bi orice por\u021biuni ale site-ului pe care sunte\u021bi restric\u021bionat s\u0103 le accesa\u021bi<\/li>\n<li>H\u0103r\u021bui\u021bi, deranja\u021bi, intimida\u021bi sau amenin\u021ba\u021bi pe oricare dintre angaja\u021bii, agen\u021bii sau al\u021bi utilizatori<\/li>\n<li>Utiliza\u021bi Site-ul \u00eentr-o manier\u0103 incompatibil\u0103 cu orice legi sau reglement\u0103ri aplicabile<\/li>\n<li>implicarea fals\u0103 a unei rela\u021bii cu noi sau cu o alt\u0103 companie cu care nu ave\u021bi o rela\u021bie<\/li>\n<\/ul>\n<ol start=\"3\">\n<li><strong>Con\u021binutul nostru<\/strong><\/li>\n<\/ol>\n<p>3.1 Cu excep\u021bia cazului \u00een care se specific\u0103 altfel, site-ul \u0219i serviciile, inclusiv codul surs\u0103, bazele de date, func\u021bionalitatea, software-ul, designul site-ului web, audio, video, textul, fotografiile \u0219i graficele pe Site sunt proprietatea sau licen\u021ba noastr\u0103 \u0219i sunt protejate drepturile de autor \u0219i legile privind m\u0103rcile comerciale.<\/p>\n<p>3.2 Cu excep\u021bia cazurilor prev\u0103zute expres \u00een ace\u0219ti Termeni \u0219i condi\u021bii, nicio parte a site-ului, a serviciilor sau a con\u021binutului nostru nu poate fi copiat\u0103, reprodus\u0103, agregat\u0103, republicat\u0103, \u00eenc\u0103rcat\u0103, postat\u0103, afi\u0219at\u0103, codificat\u0103, tradus\u0103, sau exploatat\u0103 altfel \u00een orice scop comercial, f\u0103r\u0103 permisiunea noastr\u0103 expres\u0103 prealabil\u0103 scris\u0103.<\/p>\n<p>3.3 \u00cen cazul \u00een care sunte\u021bi eligibil (\u0103) s\u0103 utiliza\u021bi Site-ul, vi se acord\u0103 o licen\u021b\u0103 limitat\u0103 pentru a accesa \u0219i a utiliza Site-ul \u0219i Con\u021binutul nostru \u0219i pentru a desc\u0103rca sau a imprima o copie a oric\u0103rei por\u021biuni a Con\u021binutului pentru a fi folosit \u00een mod corespunz\u0103tor cu scop necomercial.<\/p>\n<p>3.4 Nu ve\u021bi (a) \u00eencerca s\u0103 ob\u021bine\u021bi acces neautorizat la Site sau la orice re\u021bele, servere sau sisteme informatice conectate la Site; \u0219i \/ sau (b) s\u0103 realiza\u021bi pentru orice scop, inclusiv corectarea erorilor, orice modific\u0103ri, adapt\u0103ri, ad\u0103ugiri sau \u00eembun\u0103t\u0103\u021biri ale Site-ului sau ale Con\u021binutului nostru, inclusiv modificarea copiilor digitale sau pe h\u00e2rtie pe care le-a\u021bi desc\u0103rcat.<\/p>\n<p>3.5 Vom (a) preg\u0103ti site-ul \u0219i con\u021binutul nostru cu pricepere \u0219i \u00eengrijire rezonabil\u0103; \u0219i (b) s\u0103 folosim software standard de detectare a viru\u0219ilor pentru a \u00eencerca s\u0103 bloc\u0103m \u00eenc\u0103rcarea con\u021binutului care con\u021bine viru\u0219i pe site.<\/p>\n<p>3.6 Con\u021binutul site-ului este furnizat numai pentru informa\u021bii generale. Nu inten\u021bioneaz\u0103 s\u0103 reprezinte sfaturi pe care ar trebui s\u0103 v\u0103 baza\u021bi. Trebuie s\u0103 ob\u021bine\u021bi sfaturi profesionale sau de specialitate \u00eenainte de a lua sau de a renun\u021ba la orice ac\u021biune pe baza con\u021binutului site-ului.<\/p>\n<p>3.7 De\u0219i depunem eforturi rezonabile pentru a actualiza informa\u021biile de pe site-ul nostru, nu facem nicio declara\u021bie, garan\u021bie, expres\u0103 sau implicit\u0103, c\u0103 con\u021binutul nostru este corect, complet sau actualizat.<\/p>\n<ol start=\"4\">\n<li><strong>Leg\u0103tura cu con\u021binutul ter\u021bilor<\/strong><\/li>\n<\/ol>\n<p>4.1 Site-ul poate con\u021bine leg\u0103turi c\u0103tre site-uri web sau aplica\u021bii exploatate de ter\u021be p\u0103r\u021bi. Nu avem nicio influen\u021b\u0103 sau control asupra site-urilor sau aplica\u021biilor unor ter\u021be p\u0103r\u021bi sau asupra operatorului ter\u021b. Nu suntem responsabili \u0219i nu sus\u021binem site-uri sau aplica\u021bii ale unor ter\u021be p\u0103r\u021bi sau disponibilitatea sau con\u021binutul acestora.<\/p>\n<p>4.2 Nu acceptam nici o responsabilitate pentru reclamele continute in Site. Dac\u0103 sunte\u021bi de acord s\u0103 cump\u0103ra\u021bi bunuri \u0219i \/ sau servicii de la orice ter\u021b\u0103 parte care face publicitate pe acest site, face\u021bi acest lucru pe propriul dvs. risc. Agentul de publicitate, \u0219i nu noi, este responsabil pentru aceste bunuri \u0219i \/ sau servicii \u0219i dac\u0103 ave\u021bi \u00eentreb\u0103ri sau pl\u00e2ngeri \u00een leg\u0103tur\u0103 cu acestea, trebuie s\u0103 contacta\u021bi agentul de publicitate.<\/p>\n<ol start=\"5\">\n<li><strong>Administrarea site-ului<\/strong><\/li>\n<\/ol>\n<p>5.1 Ne rezerv\u0103m dreptul, dup\u0103 bunul plac, de a (1) monitoriza site-ul pentru \u00eenc\u0103lc\u0103ri ale acestor Termeni \u0219i condi\u021bii; (2) s\u0103 luam m\u0103surile legale adecvate \u00eempotriva oric\u0103ror persoane care \u00eencalc\u0103 legile aplicabile sau ace\u0219ti Termeni \u0219i condi\u021bii; (3) s\u0103 elimin\u0103m de pe Site sau s\u0103 dezactiv\u0103m toate fi\u0219ierele \u0219i con\u021binutul de dimensiuni excesive sau care sunt \u00een vreun fel o povar\u0103 pentru sistemele noastre; \u0219i (4) s\u0103 gestion\u0103m site-ul \u00eentr-o manier\u0103 menit\u0103 s\u0103 protejeze drepturile \u0219i proprietatea noastr\u0103 \u0219i s\u0103 faciliteze buna func\u021bionare a site-ului \u0219i a serviciilor.<\/p>\n<p>5.2 Nu garant\u0103m faptul c\u0103 site-ul va fi securizat sau f\u0103r\u0103 erori sau viru\u0219i.<\/p>\n<p>5.3 Sunte\u021bi responsabil pentru configurarea tehnologiei informa\u021biei, a programelor de calculator \u0219i a platformei pentru a accesa site-ul \u0219i ar trebui s\u0103 utiliza\u021bi propriul software de protec\u021bie \u00eempotriva viru\u0219ilor.<\/p>\n<ol start=\"6\">\n<li><strong>Modificarea \u0219i disponibilitatea site-ului<\/strong><\/li>\n<\/ol>\n<p>6.1 Ne rezerv\u0103m dreptul de a modifica, schimba sau elimina con\u021binutul Site-ului \u00een orice moment sau din orice motiv, la discre\u021bia noastr\u0103, f\u0103r\u0103 notificare. De asemenea, ne rezerv\u0103m dreptul de a modifica sau de a \u00eentrerupe \u00een totalitate sau par\u021bial Serviciile f\u0103r\u0103 notificare \u00een orice moment.<\/p>\n<p>6.2 Nu putem garanta c\u0103 site-ul \u0219i serviciile vor fi disponibile \u00een orice moment. Este posibil s\u0103 prezent\u0103m probleme de hardware, software sau alte probleme sau s\u0103 efectu\u0103m \u00eentre\u021binerea legat\u0103 de Site, duc\u00e2nd la \u00eentreruperi, \u00eent\u00e2rzieri sau erori. Sunte\u021bi de acord c\u0103 nu avem niciun fel de r\u0103spundere pentru orice pierdere, deteriorare sau nepl\u0103cere cauzat\u0103 de incapacitatea dvs. de a accesa sau de a utiliza Site-ul sau Serviciile \u00een timpul oric\u0103ror perioade de nefunc\u021bionare sau \u00eentrerupere a Site-ului sau a Serviciilor. Nu suntem obliga\u021bi s\u0103 men\u021binem \u0219i s\u0103 sprijinim Site-ul sau Serviciile sau s\u0103 furnizam corec\u021bii, actualiz\u0103ri sau versiuni.<\/p>\n<p>6.3 Este posibil s\u0103 existe informa\u021bii pe Site care con\u021bin erori tipografice, inexactit\u0103\u021bi sau omisiuni care se pot referi la Servicii, inclusiv descrieri, pre\u021buri, disponibilitate \u0219i alte informa\u021bii. Ne rezerv\u0103m dreptul de a corecta erorile, inexactit\u0103\u021bile sau omisiunile \u0219i de a modifica sau actualiza informa\u021biile \u00een orice moment, f\u0103r\u0103 o notificare prealabil\u0103.<\/p>\n<ol start=\"7\">\n<li><strong>Declinare a responsabilit\u0103\u021bii \/ limitarea r\u0103spunderii<\/strong><\/li>\n<\/ol>\n<p>7.1 Site-ul \u0219i serviciile sunt oferite a\u0219a cum sunt. Sunteti de acord ca utilizarea Site-ului \u0219i\/sau serviciilor aferente este doar riscul dumneavoastra except\u00e2nd ce este stipulat \u00een aceste Termene si Conditii, toate garan\u021biile, termenele, condi\u021biile \u0219i \u00eentreprinderile, explicit sau implicit(incluz\u00e2nd de catre statut, personalizat sau utilizat, un curs de negociere, sau lege comun\u0103) \u00een conexiune cu Site-ul \u0219i serviciile \u0219i utilizarea dumneavoastra a acestora incluz\u00e2nd, f\u0103r\u0103 limitare, garan\u021biile implicite de calitate satisf\u0103c\u0103toare, potrivite pentru un anumit scop \u0219i non-incalcare sunt excluse \u00een limita maxim\u0103 a legii aplicabile.<\/p>\n<p>Nu oferim nici un fel de garan\u021bii sau reprezent\u0103ri cu privire la exactitatea sau exhaustivitatea con\u021binutului site-ului, nu suntem raspunzatori de nici un fel de (1) erori sau omisiuni \u00een con\u021binut: (2) orice acces neautorizat la serverele noastre \u0219i \/ sau orice alte informa\u021bii personale \u0219i \/ sau informa\u021bii financiare stocate pe serverul nostru; (3) orice \u00eentrerupere sau \u00eencetare a transmiterii c\u0103tre sau de pe site sau servicii; \u0219i \/ sau (4) orice bug-uri, viru\u0219i, cai troieni sau altele asemenea care pot fi transmise c\u0103tre sau prin intermediul site-ului de c\u0103tre orice ter\u021b\u0103 parte. Nu vom fi responsabili pentru \u00eent\u00e2rzierea sau nerespectarea obliga\u021biilor noastre \u00een conformitate cu ace\u0219ti Termeni \u0219i condi\u021bii, \u00een cazul \u00een care o asemenea \u00eent\u00e2rziere sau e\u0219ec este cauzat\u0103 de un eveniment care nu este controlat \u00een mod rezonabil de noi.<\/p>\n<p>7.2 R\u0103spunderea noastr\u0103 pentru pagubele suferite de dvs.:<\/p>\n<p>Indiferent dac\u0103 sunte\u021bi o persoan\u0103 fizic\u0103 sau juridic\u0103:<\/p>\n<ul>\n<li>Nu excludem sau limit\u0103m \u00een vreun fel r\u0103spunderea noastr\u0103 fa\u021b\u0103 de dvs. \u00een cazul \u00een care ar fi ilegal acest lucru. Aceasta include r\u0103spunderea pentru moartea sau v\u0103t\u0103marea corporal\u0103 provocat\u0103 de neglijen\u021ba noastr\u0103 sau de neglijen\u021ba angaja\u021bilor, agen\u021bilor sau subcontractan\u021bilor no\u0219tri \u0219i de fraud\u0103 sau denaturare frauduloas\u0103.<\/li>\n<li>Dac\u0103 nu respect\u0103m ace\u0219ti Termeni \u0219i Condi\u021bii, vom fi responsabili pentru pierderile sau pagubele pe care le suferi\u021bi, ceea ce reprezint\u0103 un rezultat previzibil al \u00eenc\u0103lc\u0103rii acestor Termeni \u0219i condi\u021bii, dar nu vom fi responsabili pentru orice pierderi sau daune care nu au fost previzibil\u0103 \u00een momentul \u00een care a\u021bi \u00eenceput s\u0103 utiliza\u021bi site-ul \/ serviciile.<\/li>\n<\/ul>\n<p>\u00cen ciuda oric\u0103ror prevederi contrare con\u021binute \u00een sec\u021biunea Declinare a responsabilit\u0103\u021bii \/ Limitarea r\u0103spunderii, r\u0103spunderea noastr\u0103 fa\u021b\u0103 de dvs. din orice cauz\u0103 \u0219i indiferent de forma ac\u021biunii va fi \u00een orice moment limitat\u0103 la o sum\u0103 total\u0103 total\u0103 egal\u0103 cu cea mai mare dintre (a ) suma de 50 euro sau (b) suma pl\u0103tit\u0103, dac\u0103 este cazul, de c\u0103tre dvs. pentru noi pentru Serviciu \/ Site pe parcursul perioadei de \u0219ase (6) luni anterioare producerii oric\u0103rei cauze de ac\u021biune.<\/p>\n<p>Dac\u0103 sunte\u021bi o persoan\u0103 juridic\u0103:<\/p>\n<p>Nu vom fi r\u0103spunz\u0103tori fa\u021b\u0103 de dvs. pentru nici o pierdere sau prejudiciu, fie \u00een contract, delictual\u0103 (inclusiv neglijen\u021b\u0103), \u00eenc\u0103lcare a taxei legale sau altfel, chiar dac\u0103 este previzibil\u0103, care apare sub sau \u00een leg\u0103tur\u0103 cu:<\/p>\n<ul>\n<li>utilizarea sau imposibilitatea de utilizare a site-ului \/ serviciilor noastre; sau<\/li>\n<li>utilizarea sau dependen\u021ba de orice con\u021binut afi\u0219at pe site-ul nostru.<\/li>\n<\/ul>\n<p>\u00cen special, nu vom fi responsabili pentru:<\/p>\n<ul>\n<li>pierderea profitului, a v\u00e2nz\u0103rilor, a afacerilor sau a veniturilor;<\/li>\n<li>\u00eentreruperea activit\u0103\u021bii;<\/li>\n<li>pierderea economiilor anticipate;<\/li>\n<li>pierderea oportunit\u0103\u021bilor de afaceri, a bun\u0103voin\u021bei sau a reputa\u021biei; sau<\/li>\n<li>orice pierdere sau deteriorare indirect\u0103 sau consecvent\u0103.<\/li>\n<\/ul>\n<p>Dac\u0103 sunte\u021bi o persoan\u0103 fizic\u0103:<\/p>\n<ul>\n<li>V\u0103 rug\u0103m s\u0103 re\u021bine\u021bi c\u0103 oferim site-ul nostru numai pentru utilizare intern\u0103 \u0219i privat\u0103. Sunte\u021bi de acord s\u0103 nu utiliza\u021bi site-ul nostru \u00een scopuri comerciale sau de afaceri \u0219i nu avem nicio responsabilitate fa\u021b\u0103 de dvs. pentru pierderi de profit, pierderi de afaceri, \u00eentreruperi de afaceri sau pierderi de oportunit\u0103\u021bi de afaceri.<\/li>\n<li>\u00cen cazul \u00een care furnizam un produs digital defect furnizat din oferta noastra care d\u0103uneaz\u0103 unui dispozitiv sau con\u021binutului digital apar\u021bin\u00e2nd dvs. \u0219i acest lucru este cauzat de nereu\u0219ita noastr\u0103 de a folosi \u00eengrijiri \u0219i abilit\u0103\u021bi rezonabile, vom repara daunele sau vom pl\u0103ti compensa\u021bii.<\/li>\n<li>ave\u021bi drepturi legale \u00een leg\u0103tur\u0103 cu bunurile care sunt defecte sau neconforme descrierii. Consilierea cu privire la drepturile dvs. legale o puteti g\u0103si la Autoritatea Nationala pentru Protectia Consumatorilor (<a href=\"http:\/\/www.anpc.gov.ro\/\">http:\/\/www.anpc.gov.ro\/<\/a>). Nimic din aceste Termeni \u0219i condi\u021bii nu va afecta aceste drepturi legale.<\/li>\n<\/ul>\n<ol start=\"8\">\n<li><strong>Termeni \u0219i \u00eencetare<\/strong><\/li>\n<\/ol>\n<p>8.1 Ace\u0219ti Termeni \u0219i Condi\u021bii r\u0103m\u00e2n \u00een vigoare \u00een timp ce utiliza\u021bi Site-ul sau Serviciile sau sunte\u021bi \u00een alt mod un utilizator al Site-ului, dup\u0103 caz. Pute\u021bi s\u0103 v\u0103 \u00eentrerupe\u021bi utilizarea sau participarea oric\u00e2nd, din orice motiv, urm\u00e2nd instruc\u021biunile pentru \u00eenchiderea conturilor de utilizator \u00een set\u0103rile contului dvs., dac\u0103 acestea sunt disponibile sau contact\u00e2ndu-ne la info@staalberg.ro.<\/p>\n<p>8.2 F\u0103r\u0103 a limita orice alta dispozitie a acestor Termeni si Conditii, ne rezervam dreptul, la discretia noastra \u0219i f\u0103r\u0103 notificare sau raspundere, s\u0103 refuz\u0103m accesul \u0219i utilizarea Site-ului \u0219i a Serviciilor (inclusiv blocarea anumitor adrese IP) din orice motiv, incluz\u00e2nd, f\u0103r\u0103 limitare, \u00eenc\u0103lcarea oric\u0103rei reprezent\u0103ri, garan\u021bii sau legi con\u021binute \u00een ace\u0219ti Termeni \u0219i condi\u021bii sau \u00een orice lege sau reglementare aplicabil\u0103.<\/p>\n<p>Dac\u0103, la propria noastr\u0103 discre\u021bie, determin\u0103m c\u0103 utilizarea de c\u0103tre dvs. a site-ului \/ serviciilor este \u00een contradic\u021bie cu ace\u0219ti Termeni \u0219i condi\u021bii sau cu orice lege sau reglementare aplicabil\u0103, este posibil s\u0103 \u00eencheiem utilizarea sau participarea dvs. la Site \u0219i servicii sau s\u0103 \u0219tergem orice con\u021binut sau informa\u021bii pe care le-a\u021bi postat \u00een orice moment, f\u0103r\u0103 avertisment, la discre\u021bia noastr\u0103.<\/p>\n<p>8.3 Dac\u0103 v\u0103 \u00eenchidem sau suspend\u0103m contul din orice motiv stabilit \u00een aceast\u0103 sec\u021biune 8, vi se interzice s\u0103 v\u0103 \u00eenregistra\u021bi \u0219i s\u0103 crea\u021bi un cont nou sub numele dvs., un nume fals sau \u00eemprumutat sau numele unei ter\u021be p\u0103r\u021bi, chiar dac\u0103 a\u021bi putea ac\u021biona \u00een numele ter\u021bului. Pe l\u00e2ng\u0103 \u00eenchiderea sau suspendarea contului dvs., ne rezerv\u0103m dreptul de a lua m\u0103suri legale adecvate, inclusiv, f\u0103r\u0103 limitare, urm\u0103rirea c\u0103ilor de atac civile, penale \u0219i indirecte.<\/p>\n","protected":false},"excerpt":{"rendered":"<p>Ultima actualizare 19 februarie 2022 Acordul la Termeni 1.1 Ace\u0219ti Termeni \u0219i Condi\u021bii constituie un acord obligatoriu din punct de vedere juridic \u00eencheiat \u00eentre dvs., fie personal sau \u00een numele unei entit\u0103\u021bi (dvs.), \u0219i\u00a0Staalberg Engineering SRL, care desf\u0103\u0219oar\u0103 activit\u0103\u021bi comerciale ca\u00a0Staalberg.ro, cu privire la accesul la \u0219i utilizarea paginii de Internet Staalberg.ro (https:\/\/stalberg.ro), precum \u0219i [&hellip;]<\/p>\n","protected":false},"author":1,"featured_media":0,"parent":0,"menu_order":0,"comment_status":"closed","ping_status":"closed","template":"","meta":{"footnotes":""},"acf":[],"_links":{"self":[{"href":"https:\/\/staalberg.ro\/index.php?rest_route=\/wp\/v2\/pages\/785"}],"collection":[{"href":"https:\/\/staalberg.ro\/index.php?rest_route=\/wp\/v2\/pages"}],"about":[{"href":"https:\/\/staalberg.ro\/index.php?rest_route=\/wp\/v2\/types\/page"}],"author":[{"embeddable":true,"href":"https:\/\/staalberg.ro\/index.php?rest_route=\/wp\/v2\/users\/1"}],"replies":[{"embeddable":true,"href":"https:\/\/staalberg.ro\/index.php?rest_route=%2Fwp%2Fv2%2Fcomments&post=785"}],"version-history":[{"count":2,"href":"https:\/\/staalberg.ro\/index.php?rest_route=\/wp\/v2\/pages\/785\/revisions"}],"predecessor-version":[{"id":787,"href":"https:\/\/staalberg.ro\/index.php?rest_route=\/wp\/v2\/pages\/785\/revisions\/787"}],"wp:attachment":[{"href":"https:\/\/staalberg.ro\/index.php?rest_route=%2Fwp%2Fv2%2Fmedia&parent=785"}],"curies":[{"name":"wp","href":"https:\/\/api.w.org\/{rel}","templated":true}]}}